 {"id":1366,"date":"2025-05-07T14:17:41","date_gmt":"2025-05-07T12:17:41","guid":{"rendered":"https:\/\/promunic.com\/?page_id=1366"},"modified":"2025-06-23T16:01:10","modified_gmt":"2025-06-23T14:01:10","slug":"facilities","status":"publish","type":"page","link":"https:\/\/promunic.com\/fr\/facilities\/","title":{"rendered":"Installations"},"content":{"rendered":"<div data-elementor-type=\"wp-page\" data-elementor-id=\"1366\" class=\"elementor elementor-1366\" data-elementor-post-type=\"page\">\n\t\t\t\t<div class=\"elementor-element elementor-element-f211689 e-flex e-con-boxed e-con e-parent\" data-id=\"f211689\" data-element_type=\"container\" data-e-type=\"container\" data-settings=\"{&quot;background_background&quot;:&quot;gradient&quot;}\">\n\t\t\t\t\t<div class=\"e-con-inner\">\n\t\t<div class=\"elementor-element elementor-element-da4191f e-con-full e-flex e-con e-child\" data-id=\"da4191f\" data-element_type=\"container\" data-e-type=\"container\">\n\t\t\t\t<div class=\"elementor-element elementor-element-9ad3e37 elementor-headline--style-highlight elementor-invisible elementor-widget elementor-widget-animated-headline\" data-id=\"9ad3e37\" data-element_type=\"widget\" data-e-type=\"widget\" data-settings=\"{&quot;_animation&quot;:&quot;fadeInRight&quot;,&quot;headline_style&quot;:&quot;highlight&quot;,&quot;marker&quot;:&quot;circle&quot;,&quot;loop&quot;:&quot;yes&quot;,&quot;highlight_animation_duration&quot;:1200,&quot;highlight_iteration_delay&quot;:8000}\" data-widget_type=\"animated-headline.default\">\n\t\t\t\t<div class=\"elementor-widget-container\">\n\t\t\t\t\t\t\t<h2 class=\"elementor-headline\">\n\t\t\t\t<span class=\"elementor-headline-dynamic-wrapper elementor-headline-text-wrapper\">\n\t\t\t\t<\/span>\n\t\t\t\t\t<span class=\"elementor-headline-plain-text elementor-headline-text-wrapper\">INSTALLATIONS<\/span>\n\t\t\t\t\t<\/h2>\n\t\t\t\t\t\t<\/div>\n\t\t\t\t<\/div>\n\t\t<div class=\"elementor-element elementor-element-b59738a e-con-full e-flex e-con e-child\" data-id=\"b59738a\" data-element_type=\"container\" data-e-type=\"container\">\n\t\t\t\t<div class=\"elementor-element elementor-element-1149ed6 elementor-widget elementor-widget-heading\" data-id=\"1149ed6\" data-element_type=\"widget\" data-e-type=\"widget\" data-widget_type=\"heading.default\">\n\t\t\t\t<div class=\"elementor-widget-container\">\n\t\t\t\t\t<div class=\"elementor-heading-title elementor-size-default\">Votre marque dans l'espace. <br>\nUne visibilit\u00e9 saisissante.<\/div>\t\t\t\t<\/div>\n\t\t\t\t<\/div>\n\t\t\t\t<\/div>\n\t\t\t\t<div class=\"elementor-element elementor-element-d77ad3d elementor-widget elementor-widget-text-editor\" data-id=\"d77ad3d\" data-element_type=\"widget\" data-e-type=\"widget\" data-widget_type=\"text-editor.default\">\n\t\t\t\t<div class=\"elementor-widget-container\">\n\t\t\t\t\t\t\t\t\t<p data-sourcepos=\"9:1-10:704\">Qu'il s'agisse d'un stand d'exposition, d'un lettrage d'int\u00e9rieur ou d'un int\u00e9rieur de bureau complet, nous donnons vie aux marques dans l'espace. Nous concevons, construisons, montons et d\u00e9montons. Sans perturber votre espace de travail, avec un maximum d'effet.<\/p>\t\t\t\t\t\t\t\t<\/div>\n\t\t\t\t<\/div>\n\t\t\t\t<\/div>\n\t\t<div class=\"elementor-element elementor-element-a95a560 e-con-full e-flex e-con e-child\" data-id=\"a95a560\" data-element_type=\"container\" data-e-type=\"container\">\n\t\t\t\t<div class=\"elementor-element elementor-element-94f55cd elementor-widget elementor-widget-image\" data-id=\"94f55cd\" data-element_type=\"widget\" data-e-type=\"widget\" data-widget_type=\"image.default\">\n\t\t\t\t<div class=\"elementor-widget-container\">\n\t\t\t\t\t\t\t\t\t\t\t\t\t\t\t<img fetchpriority=\"high\" decoding=\"async\" width=\"800\" height=\"518\" src=\"https:\/\/promunic.com\/wp-content\/uploads\/B-BEELD-POL-1-1024x663.jpg\" class=\"attachment-large size-large wp-image-1522\" alt=\"Cleaner,Worker,Using,A,Cherry,Picker,To,Clean,A,Glas\" srcset=\"https:\/\/promunic.com\/wp-content\/uploads\/B-BEELD-POL-1-1024x663.jpg 1024w, https:\/\/promunic.com\/wp-content\/uploads\/B-BEELD-POL-1-300x194.jpg 300w, https:\/\/promunic.com\/wp-content\/uploads\/B-BEELD-POL-1-768x498.jpg 768w, https:\/\/promunic.com\/wp-content\/uploads\/B-BEELD-POL-1-1536x995.jpg 1536w, https:\/\/promunic.com\/wp-content\/uploads\/B-BEELD-POL-1-18x12.jpg 18w, https:\/\/promunic.com\/wp-content\/uploads\/B-BEELD-POL-1.jpg 1852w\" sizes=\"(max-width: 800px) 100vw, 800px\" \/>\t\t\t\t\t\t\t\t\t\t\t\t\t\t\t<\/div>\n\t\t\t\t<\/div>\n\t\t\t\t<\/div>\n\t\t\t\t\t<\/div>\n\t\t\t\t<\/div>\n\t\t\t\t<\/div>","protected":false},"excerpt":{"rendered":"<p>INSTALLATIONS Votre marque dans l'espace. Une visibilit\u00e9 saisissante. Qu'il s'agisse d'un stand d'exposition, d'un lettrage int\u00e9rieur ou d'un int\u00e9rieur de bureau complet, nous donnons vie aux marques dans l'espace. Nous concevons, construisons, montons et d\u00e9montons. Sans perturber votre espace de travail, avec un maximum d'effet.<\/p>","protected":false},"author":1,"featured_media":0,"parent":0,"menu_order":0,"comment_status":"closed","ping_status":"closed","template":"elementor_theme","meta":{"slim_seo":{"title":"Facilities - Promunic","description":"FACILITIES Jouw merk in de ruimte. Opvallend zichtbaar. Of het nu gaat om een beursstand, interieurbelettering of een complete kantoorinrichting: wij laten merk"},"iawp_total_views":101,"footnotes":""},"class_list":["post-1366","page","type-page","status-publish","hentry"],"_links":{"self":[{"href":"https:\/\/promunic.com\/fr\/wp-json\/wp\/v2\/pages\/1366","targetHints":{"allow":["GET"]}}],"collection":[{"href":"https:\/\/promunic.com\/fr\/wp-json\/wp\/v2\/pages"}],"about":[{"href":"https:\/\/promunic.com\/fr\/wp-json\/wp\/v2\/types\/page"}],"author":[{"embeddable":true,"href":"https:\/\/promunic.com\/fr\/wp-json\/wp\/v2\/users\/1"}],"replies":[{"embeddable":true,"href":"https:\/\/promunic.com\/fr\/wp-json\/wp\/v2\/comments?post=1366"}],"version-history":[{"count":0,"href":"https:\/\/promunic.com\/fr\/wp-json\/wp\/v2\/pages\/1366\/revisions"}],"wp:attachment":[{"href":"https:\/\/promunic.com\/fr\/wp-json\/wp\/v2\/media?parent=1366"}],"curies":[{"name":"wp","href":"https:\/\/api.w.org\/{rel}","templated":true}]}}