 {"id":1357,"date":"2025-05-07T14:10:06","date_gmt":"2025-05-07T12:10:06","guid":{"rendered":"https:\/\/promunic.com\/?page_id=1357"},"modified":"2025-06-23T16:01:06","modified_gmt":"2025-06-23T14:01:06","slug":"promotion","status":"publish","type":"page","link":"https:\/\/promunic.com\/fr\/promotion\/","title":{"rendered":"Promotion"},"content":{"rendered":"<div data-elementor-type=\"wp-page\" data-elementor-id=\"1357\" class=\"elementor elementor-1357\" data-elementor-post-type=\"page\">\n\t\t\t\t<div class=\"elementor-element elementor-element-f211689 e-flex e-con-boxed e-con e-parent\" data-id=\"f211689\" data-element_type=\"container\" data-e-type=\"container\" data-settings=\"{&quot;background_background&quot;:&quot;gradient&quot;}\">\n\t\t\t\t\t<div class=\"e-con-inner\">\n\t\t<div class=\"elementor-element elementor-element-da4191f e-con-full e-flex e-con e-child\" data-id=\"da4191f\" data-element_type=\"container\" data-e-type=\"container\">\n\t\t\t\t<div class=\"elementor-element elementor-element-9ad3e37 elementor-headline--style-highlight elementor-invisible elementor-widget elementor-widget-animated-headline\" data-id=\"9ad3e37\" data-element_type=\"widget\" data-e-type=\"widget\" data-settings=\"{&quot;_animation&quot;:&quot;fadeInRight&quot;,&quot;headline_style&quot;:&quot;highlight&quot;,&quot;marker&quot;:&quot;circle&quot;,&quot;loop&quot;:&quot;yes&quot;,&quot;highlight_animation_duration&quot;:1200,&quot;highlight_iteration_delay&quot;:8000}\" data-widget_type=\"animated-headline.default\">\n\t\t\t\t<div class=\"elementor-widget-container\">\n\t\t\t\t\t\t\t<h2 class=\"elementor-headline\">\n\t\t\t\t<span class=\"elementor-headline-dynamic-wrapper elementor-headline-text-wrapper\">\n\t\t\t\t<\/span>\n\t\t\t\t\t<span class=\"elementor-headline-plain-text elementor-headline-text-wrapper\">PROMOTION<\/span>\n\t\t\t\t\t<\/h2>\n\t\t\t\t\t\t<\/div>\n\t\t\t\t<\/div>\n\t\t<div class=\"elementor-element elementor-element-d8e6ea0 e-con-full e-flex e-con e-child\" data-id=\"d8e6ea0\" data-element_type=\"container\" data-e-type=\"container\">\n\t\t\t\t<div class=\"elementor-element elementor-element-74a84ea elementor-widget elementor-widget-heading\" data-id=\"74a84ea\" data-element_type=\"widget\" data-e-type=\"widget\" data-widget_type=\"heading.default\">\n\t\t\t\t<div class=\"elementor-widget-container\">\n\t\t\t\t\t<div class=\"elementor-heading-title elementor-size-default\">Une promotion qui tient la route. <br>\nBien dans l'esprit, pas dans l'environnement.\nl'environnement.<\/div>\t\t\t\t<\/div>\n\t\t\t\t<\/div>\n\t\t\t\t<\/div>\n\t\t\t\t<div class=\"elementor-element elementor-element-f8d9753 elementor-widget elementor-widget-text-editor\" data-id=\"f8d9753\" data-element_type=\"widget\" data-e-type=\"widget\" data-widget_type=\"text-editor.default\">\n\t\t\t\t<div class=\"elementor-widget-container\">\n\t\t\t\t\t\t\t\t\t<p data-sourcepos=\"8:1-10:170\">Nous d\u00e9veloppons des articles promotionnels qui se distinguent et qui restent dans les m\u00e9moires. <br \/>Des cadeaux astucieux aux articles de campagne personnalis\u00e9s - toujours avec des choix de mat\u00e9riaux conscients et un amour du d\u00e9tail. De l'esquisse \u00e0 la livraison : <br \/>nous le r\u00e9alisons. Pour que votre marque ait un impact r\u00e9el sur votre groupe cible.<\/p>\t\t\t\t\t\t\t\t<\/div>\n\t\t\t\t<\/div>\n\t\t\t\t<\/div>\n\t\t<div class=\"elementor-element elementor-element-a95a560 e-con-full e-flex e-con e-child\" data-id=\"a95a560\" data-element_type=\"container\" data-e-type=\"container\">\n\t\t\t\t<div class=\"elementor-element elementor-element-94f55cd elementor-widget elementor-widget-image\" data-id=\"94f55cd\" data-element_type=\"widget\" data-e-type=\"widget\" data-widget_type=\"image.default\">\n\t\t\t\t<div class=\"elementor-widget-container\">\n\t\t\t\t\t\t\t\t\t\t\t\t\t\t\t<img fetchpriority=\"high\" decoding=\"async\" width=\"800\" height=\"800\" src=\"https:\/\/promunic.com\/wp-content\/uploads\/B-blossombs-topaz-upscale-4x-1024x1024.jpg\" class=\"attachment-large size-large wp-image-1523\" alt=\"B blossombs topaz upscale 4x\" srcset=\"https:\/\/promunic.com\/wp-content\/uploads\/B-blossombs-topaz-upscale-4x-1024x1024.jpg 1024w, https:\/\/promunic.com\/wp-content\/uploads\/B-blossombs-topaz-upscale-4x-300x300.jpg 300w, https:\/\/promunic.com\/wp-content\/uploads\/B-blossombs-topaz-upscale-4x-150x150.jpg 150w, https:\/\/promunic.com\/wp-content\/uploads\/B-blossombs-topaz-upscale-4x-768x768.jpg 768w, https:\/\/promunic.com\/wp-content\/uploads\/B-blossombs-topaz-upscale-4x-12x12.jpg 12w, https:\/\/promunic.com\/wp-content\/uploads\/B-blossombs-topaz-upscale-4x.jpg 1200w\" sizes=\"(max-width: 800px) 100vw, 800px\" \/>\t\t\t\t\t\t\t\t\t\t\t\t\t\t\t<\/div>\n\t\t\t\t<\/div>\n\t\t\t\t<\/div>\n\t\t\t\t\t<\/div>\n\t\t\t\t<\/div>\n\t\t\t\t<\/div>","protected":false},"excerpt":{"rendered":"<p>PROMOTION La promotion qui colle. Dans l'esprit, pas dans l'environnement. Nous concevons des articles promotionnels qui se d\u00e9marquent et qui restent dans les m\u00e9moires. Qu'il s'agisse de cadeaux intelligents ou d'articles de campagne personnalis\u00e9s, nous choisissons toujours les mat\u00e9riaux avec soin et nous avons le souci du d\u00e9tail. De l'esquisse \u00e0 la livraison : nous r\u00e9alisons tout. Pour que votre marque ait un impact r\u00e9el sur votre groupe cible.<\/p>","protected":false},"author":1,"featured_media":0,"parent":0,"menu_order":0,"comment_status":"closed","ping_status":"closed","template":"elementor_theme","meta":{"slim_seo":{"title":"Promotion - Promunic","description":"PROMOTION Promotie die blijft hangen. Wel in het hoofd, niet in het milieu. We ontwikkelen promotieartikelen die opvallen \u00e9n bijblijven. Van slimme give-aways t"},"iawp_total_views":88,"footnotes":""},"class_list":["post-1357","page","type-page","status-publish","hentry"],"_links":{"self":[{"href":"https:\/\/promunic.com\/fr\/wp-json\/wp\/v2\/pages\/1357","targetHints":{"allow":["GET"]}}],"collection":[{"href":"https:\/\/promunic.com\/fr\/wp-json\/wp\/v2\/pages"}],"about":[{"href":"https:\/\/promunic.com\/fr\/wp-json\/wp\/v2\/types\/page"}],"author":[{"embeddable":true,"href":"https:\/\/promunic.com\/fr\/wp-json\/wp\/v2\/users\/1"}],"replies":[{"embeddable":true,"href":"https:\/\/promunic.com\/fr\/wp-json\/wp\/v2\/comments?post=1357"}],"version-history":[{"count":0,"href":"https:\/\/promunic.com\/fr\/wp-json\/wp\/v2\/pages\/1357\/revisions"}],"wp:attachment":[{"href":"https:\/\/promunic.com\/fr\/wp-json\/wp\/v2\/media?parent=1357"}],"curies":[{"name":"wp","href":"https:\/\/api.w.org\/{rel}","templated":true}]}}