 {"id":1348,"date":"2025-05-07T14:00:37","date_gmt":"2025-05-07T12:00:37","guid":{"rendered":"https:\/\/promunic.com\/?page_id=1348"},"modified":"2025-06-23T16:00:56","modified_gmt":"2025-06-23T14:00:56","slug":"print-en-sign","status":"publish","type":"page","link":"https:\/\/promunic.com\/fr\/print-en-sign\/","title":{"rendered":"Imprimer et signer"},"content":{"rendered":"<div data-elementor-type=\"wp-page\" data-elementor-id=\"1348\" class=\"elementor elementor-1348\" data-elementor-post-type=\"page\">\n\t\t\t\t<div class=\"elementor-element elementor-element-f211689 e-flex e-con-boxed e-con e-parent\" data-id=\"f211689\" data-element_type=\"container\" data-e-type=\"container\" data-settings=\"{&quot;background_background&quot;:&quot;gradient&quot;}\">\n\t\t\t\t\t<div class=\"e-con-inner\">\n\t\t<div class=\"elementor-element elementor-element-da4191f e-con-full e-flex e-con e-child\" data-id=\"da4191f\" data-element_type=\"container\" data-e-type=\"container\">\n\t\t\t\t<div class=\"elementor-element elementor-element-9ad3e37 elementor-headline--style-highlight elementor-invisible elementor-widget elementor-widget-animated-headline\" data-id=\"9ad3e37\" data-element_type=\"widget\" data-e-type=\"widget\" data-settings=\"{&quot;_animation&quot;:&quot;fadeInRight&quot;,&quot;headline_style&quot;:&quot;highlight&quot;,&quot;marker&quot;:&quot;circle&quot;,&quot;loop&quot;:&quot;yes&quot;,&quot;highlight_animation_duration&quot;:1200,&quot;highlight_iteration_delay&quot;:8000}\" data-widget_type=\"animated-headline.default\">\n\t\t\t\t<div class=\"elementor-widget-container\">\n\t\t\t\t\t\t\t<h2 class=\"elementor-headline\">\n\t\t\t\t<span class=\"elementor-headline-dynamic-wrapper elementor-headline-text-wrapper\">\n\t\t\t\t<\/span>\n\t\t\t\t\t<span class=\"elementor-headline-plain-text elementor-headline-text-wrapper\">IMPRIMER ET SIGNER<\/span>\n\t\t\t\t\t<\/h2>\n\t\t\t\t\t\t<\/div>\n\t\t\t\t<\/div>\n\t\t<div class=\"elementor-element elementor-element-2956702 e-con-full e-flex e-con e-child\" data-id=\"2956702\" data-element_type=\"container\" data-e-type=\"container\">\n\t\t\t\t<div class=\"elementor-element elementor-element-7a2b2ec elementor-widget elementor-widget-heading\" data-id=\"7a2b2ec\" data-element_type=\"widget\" data-e-type=\"widget\" data-widget_type=\"heading.default\">\n\t\t\t\t<div class=\"elementor-widget-container\">\n\t\t\t\t\t<div class=\"elementor-heading-title elementor-size-default\">Visibilit\u00e9, c'est exact.<br>\nJusqu'au moindre d\u00e9tail.<\/div>\t\t\t\t<\/div>\n\t\t\t\t<\/div>\n\t\t\t\t<\/div>\n\t\t\t\t<div class=\"elementor-element elementor-element-f8d9753 elementor-widget elementor-widget-text-editor\" data-id=\"f8d9753\" data-element_type=\"widget\" data-e-type=\"widget\" data-widget_type=\"text-editor.default\">\n\t\t\t\t<div class=\"elementor-widget-container\">\n\t\t\t\t\t\t\t\t\t<p class=\"p1\">De la carte de visite \u00e0 la fa\u00e7ade. Du stand d'exposition au pr\u00e9sentoir. Nous fabriquons tout ce qui doit \u00eatre visible - rapidement, avec souplesse et de mani\u00e8re irr\u00e9prochable.<br \/><br \/>Avec des machines modernes, des partenaires permanents et une \u00e9quipe de montage qui s'installe dans tous les Pays-Bas. Nous r\u00e9fl\u00e9chissons \u00e9galement avec vous \u00e0 des emballages sur mesure et \u00e0 des supports sp\u00e9ciaux.<br \/><br \/>Toujours dans un souci de qualit\u00e9. Taill\u00e9s \u00e0 la perfection.<\/p>\t\t\t\t\t\t\t\t<\/div>\n\t\t\t\t<\/div>\n\t\t\t\t<\/div>\n\t\t<div class=\"elementor-element elementor-element-a95a560 e-con-full e-flex e-con e-child\" data-id=\"a95a560\" data-element_type=\"container\" data-e-type=\"container\">\n\t\t\t\t<div class=\"elementor-element elementor-element-72f5448 elementor-widget elementor-widget-image\" data-id=\"72f5448\" data-element_type=\"widget\" data-e-type=\"widget\" data-widget_type=\"image.default\">\n\t\t\t\t<div class=\"elementor-widget-container\">\n\t\t\t\t\t\t\t\t\t\t\t\t\t\t\t<img fetchpriority=\"high\" decoding=\"async\" width=\"800\" height=\"534\" src=\"https:\/\/promunic.com\/wp-content\/uploads\/B-shutterstock_389708569-kopieren-1024x683.jpg\" class=\"attachment-large size-large wp-image-1524\" alt=\"Blank,Bus,Stop,Advertising,Billboard,In,The,City,At,Night.\" srcset=\"https:\/\/promunic.com\/wp-content\/uploads\/B-shutterstock_389708569-kopieren-1024x683.jpg 1024w, https:\/\/promunic.com\/wp-content\/uploads\/B-shutterstock_389708569-kopieren-300x200.jpg 300w, https:\/\/promunic.com\/wp-content\/uploads\/B-shutterstock_389708569-kopieren-768x513.jpg 768w, https:\/\/promunic.com\/wp-content\/uploads\/B-shutterstock_389708569-kopieren-1536x1025.jpg 1536w, https:\/\/promunic.com\/wp-content\/uploads\/B-shutterstock_389708569-kopieren-18x12.jpg 18w, https:\/\/promunic.com\/wp-content\/uploads\/B-shutterstock_389708569-kopieren.jpg 1798w\" sizes=\"(max-width: 800px) 100vw, 800px\" \/>\t\t\t\t\t\t\t\t\t\t\t\t\t\t\t<\/div>\n\t\t\t\t<\/div>\n\t\t\t\t<\/div>\n\t\t\t\t\t<\/div>\n\t\t\t\t<\/div>\n\t\t\t\t<\/div>","protected":false},"excerpt":{"rendered":"<p>PRINT &amp; SIGN Zichtbaarheid die klopt. Tot in de details. Van visitekaart tot gevel. Van beursstand tot display. We maken alles wat zichtbaar moet zijn \u2014 snel, flexibel en foutloos. Met moderne machines, vaste partners en een montageteam dat door heel Nederland installeert. Ook voor maatwerkverpakkingen en bijzondere dragers denken we met je mee. Altijd [&hellip;]<\/p>\n","protected":false},"author":1,"featured_media":0,"parent":0,"menu_order":0,"comment_status":"closed","ping_status":"closed","template":"elementor_theme","meta":{"slim_seo":{"title":"Print &amp; sign - Promunic","description":"PRINT &amp; SIGN Zichtbaarheid die klopt. Tot in de details. Van visitekaart tot gevel. Van beursstand tot display. We maken alles wat zichtbaar moet zijn \u2014 sne"},"iawp_total_views":126,"footnotes":""},"class_list":["post-1348","page","type-page","status-publish","hentry"],"_links":{"self":[{"href":"https:\/\/promunic.com\/fr\/wp-json\/wp\/v2\/pages\/1348","targetHints":{"allow":["GET"]}}],"collection":[{"href":"https:\/\/promunic.com\/fr\/wp-json\/wp\/v2\/pages"}],"about":[{"href":"https:\/\/promunic.com\/fr\/wp-json\/wp\/v2\/types\/page"}],"author":[{"embeddable":true,"href":"https:\/\/promunic.com\/fr\/wp-json\/wp\/v2\/users\/1"}],"replies":[{"embeddable":true,"href":"https:\/\/promunic.com\/fr\/wp-json\/wp\/v2\/comments?post=1348"}],"version-history":[{"count":0,"href":"https:\/\/promunic.com\/fr\/wp-json\/wp\/v2\/pages\/1348\/revisions"}],"wp:attachment":[{"href":"https:\/\/promunic.com\/fr\/wp-json\/wp\/v2\/media?parent=1348"}],"curies":[{"name":"wp","href":"https:\/\/api.w.org\/{rel}","templated":true}]}}