 {"id":1339,"date":"2025-05-07T13:52:04","date_gmt":"2025-05-07T11:52:04","guid":{"rendered":"https:\/\/promunic.com\/?page_id=1339"},"modified":"2025-06-23T16:00:45","modified_gmt":"2025-06-23T14:00:45","slug":"direct-mail","status":"publish","type":"page","link":"https:\/\/promunic.com\/fr\/direct-mail\/","title":{"rendered":"Courrier direct"},"content":{"rendered":"<div data-elementor-type=\"wp-page\" data-elementor-id=\"1339\" class=\"elementor elementor-1339\" data-elementor-post-type=\"page\">\n\t\t\t\t<div class=\"elementor-element elementor-element-f211689 e-flex e-con-boxed e-con e-parent\" data-id=\"f211689\" data-element_type=\"container\" data-e-type=\"container\" data-settings=\"{&quot;background_background&quot;:&quot;gradient&quot;}\">\n\t\t\t\t\t<div class=\"e-con-inner\">\n\t\t<div class=\"elementor-element elementor-element-da4191f e-con-full e-flex e-con e-child\" data-id=\"da4191f\" data-element_type=\"container\" data-e-type=\"container\">\n\t\t\t\t<div class=\"elementor-element elementor-element-9ad3e37 elementor-headline--style-highlight elementor-invisible elementor-widget elementor-widget-animated-headline\" data-id=\"9ad3e37\" data-element_type=\"widget\" data-e-type=\"widget\" data-settings=\"{&quot;_animation&quot;:&quot;fadeInRight&quot;,&quot;headline_style&quot;:&quot;highlight&quot;,&quot;marker&quot;:&quot;circle&quot;,&quot;loop&quot;:&quot;yes&quot;,&quot;highlight_animation_duration&quot;:1200,&quot;highlight_iteration_delay&quot;:8000}\" data-widget_type=\"animated-headline.default\">\n\t\t\t\t<div class=\"elementor-widget-container\">\n\t\t\t\t\t\t\t<h2 class=\"elementor-headline\">\n\t\t\t\t<span class=\"elementor-headline-dynamic-wrapper elementor-headline-text-wrapper\">\n\t\t\t\t<\/span>\n\t\t\t\t\t<span class=\"elementor-headline-plain-text elementor-headline-text-wrapper\">DM<\/span>\n\t\t\t\t\t<\/h2>\n\t\t\t\t\t\t<\/div>\n\t\t\t\t<\/div>\n\t\t<div class=\"elementor-element elementor-element-d8c6b91 e-con-full e-flex e-con e-child\" data-id=\"d8c6b91\" data-element_type=\"container\" data-e-type=\"container\">\n\t\t\t\t<div class=\"elementor-element elementor-element-a1b1cc3 elementor-widget elementor-widget-heading\" data-id=\"a1b1cc3\" data-element_type=\"widget\" data-e-type=\"widget\" data-widget_type=\"heading.default\">\n\t\t\t\t<div class=\"elementor-widget-container\">\n\t\t\t\t\t<div class=\"elementor-heading-title elementor-size-default\">Un publipostage qui fait mouche.<br>\nPar le sentiment et par les r\u00e9sultats.<\/div>\t\t\t\t<\/div>\n\t\t\t\t<\/div>\n\t\t\t\t<\/div>\n\t\t\t\t<div class=\"elementor-element elementor-element-f8d9753 elementor-widget elementor-widget-text-editor\" data-id=\"f8d9753\" data-element_type=\"widget\" data-e-type=\"widget\" data-widget_type=\"text-editor.default\">\n\t\t\t\t<div class=\"elementor-widget-container\">\n\t\t\t\t\t\t\t\t\t<p>Chez Promunic, nous comprenons le pouvoir du publipostage. <br \/>Nous cr\u00e9ons des campagnes qui :<\/p>\t\t\t\t\t\t\t\t<\/div>\n\t\t\t\t<\/div>\n\t\t\t\t<div class=\"elementor-element elementor-element-09940d6 elementor-widget elementor-widget-text-editor\" data-id=\"09940d6\" data-element_type=\"widget\" data-e-type=\"widget\" data-widget_type=\"text-editor.default\">\n\t\t\t\t<div class=\"elementor-widget-container\">\n\t\t\t\t\t\t\t\t\t<ul><li><strong> UNE COMMUNICATION CIBL\u00c9E :<\/strong> atteindre exactement les bons destinataires avec un message personnalis\u00e9.<\/li><li><strong>ADRESSE :<\/strong> le courrier physique reste plus longtemps en circulation que le courrier num\u00e9rique.<\/li><li><strong>UPDATE :<\/strong> Des formes frappantes aux mat\u00e9riaux uniques.<\/li><li><strong>MESURES :<\/strong> Gr\u00e2ce au suivi intelligent, vous voyez ce qui fonctionne.<\/li><li><strong>LA CONNEXION EN LIGNE ET HORS LIGNE :<\/strong> DM s'int\u00e8gre parfaitement \u00e0 votre strat\u00e9gie num\u00e9rique.<\/li><\/ul>\t\t\t\t\t\t\t\t<\/div>\n\t\t\t\t<\/div>\n\t\t\t\t<div class=\"elementor-element elementor-element-eb56038 elementor-widget elementor-widget-text-editor\" data-id=\"eb56038\" data-element_type=\"widget\" data-e-type=\"widget\" data-widget_type=\"text-editor.default\">\n\t\t\t\t<div class=\"elementor-widget-container\">\n\t\t\t\t\t\t\t\t\t<p>Qu'il s'agisse d'un lancement, d'une invitation ou d'un renforcement de votre marque, le publipostage fait l'affaire.<\/p>\t\t\t\t\t\t\t\t<\/div>\n\t\t\t\t<\/div>\n\t\t\t\t<\/div>\n\t\t<div class=\"elementor-element elementor-element-a95a560 e-con-full e-flex e-con e-child\" data-id=\"a95a560\" data-element_type=\"container\" data-e-type=\"container\">\n\t\t\t\t<div class=\"elementor-element elementor-element-94f55cd elementor-widget elementor-widget-image\" data-id=\"94f55cd\" data-element_type=\"widget\" data-e-type=\"widget\" data-widget_type=\"image.default\">\n\t\t\t\t<div class=\"elementor-widget-container\">\n\t\t\t\t\t\t\t\t\t\t\t\t\t\t\t<img fetchpriority=\"high\" decoding=\"async\" width=\"800\" height=\"534\" src=\"https:\/\/promunic.com\/wp-content\/uploads\/B-shutterstock_457954222-1024x683.jpg\" class=\"attachment-large size-large wp-image-1525\" alt=\"London,,United,Kingdom, ,July,25:,Sample,Of,Junk,Mail\" srcset=\"https:\/\/promunic.com\/wp-content\/uploads\/B-shutterstock_457954222-1024x683.jpg 1024w, https:\/\/promunic.com\/wp-content\/uploads\/B-shutterstock_457954222-300x200.jpg 300w, https:\/\/promunic.com\/wp-content\/uploads\/B-shutterstock_457954222-768x512.jpg 768w, https:\/\/promunic.com\/wp-content\/uploads\/B-shutterstock_457954222-1536x1024.jpg 1536w, https:\/\/promunic.com\/wp-content\/uploads\/B-shutterstock_457954222-18x12.jpg 18w, https:\/\/promunic.com\/wp-content\/uploads\/B-shutterstock_457954222.jpg 1800w\" sizes=\"(max-width: 800px) 100vw, 800px\" \/>\t\t\t\t\t\t\t\t\t\t\t\t\t\t\t<\/div>\n\t\t\t\t<\/div>\n\t\t\t\t<\/div>\n\t\t\t\t\t<\/div>\n\t\t\t\t<\/div>\n\t\t\t\t<\/div>","protected":false},"excerpt":{"rendered":"<p>DM Direct mail die scoort. Op gevoel \u00e9n resultaat. Bij Promunic begrijpen we de kracht van direct mail. We maken campagnes die: GERICHT COMMUNICEREN: bereik precies de juiste ontvangers met een persoonlijke boodschap. INDRUK MAKEN: fysieke mail blijft langer liggen \u00e9n hangen dan digitale. OPVALLEN: van opvallende vormen tot unieke materialen. MEETBAAR ZIJN: dankzij slimme [&hellip;]<\/p>\n","protected":false},"author":1,"featured_media":0,"parent":0,"menu_order":0,"comment_status":"closed","ping_status":"closed","template":"elementor_theme","meta":{"slim_seo":{"title":"Direct mail - Promunic","description":"DM Direct mail die scoort. Op gevoel \u00e9n resultaat. Bij Promunic begrijpen we de kracht van direct mail. We maken campagnes die: GERICHT COMMUNICEREN: bereik pre"},"iawp_total_views":89,"footnotes":""},"class_list":["post-1339","page","type-page","status-publish","hentry"],"_links":{"self":[{"href":"https:\/\/promunic.com\/fr\/wp-json\/wp\/v2\/pages\/1339","targetHints":{"allow":["GET"]}}],"collection":[{"href":"https:\/\/promunic.com\/fr\/wp-json\/wp\/v2\/pages"}],"about":[{"href":"https:\/\/promunic.com\/fr\/wp-json\/wp\/v2\/types\/page"}],"author":[{"embeddable":true,"href":"https:\/\/promunic.com\/fr\/wp-json\/wp\/v2\/users\/1"}],"replies":[{"embeddable":true,"href":"https:\/\/promunic.com\/fr\/wp-json\/wp\/v2\/comments?post=1339"}],"version-history":[{"count":0,"href":"https:\/\/promunic.com\/fr\/wp-json\/wp\/v2\/pages\/1339\/revisions"}],"wp:attachment":[{"href":"https:\/\/promunic.com\/fr\/wp-json\/wp\/v2\/media?parent=1339"}],"curies":[{"name":"wp","href":"https:\/\/api.w.org\/{rel}","templated":true}]}}