 {"id":1300,"date":"2025-04-28T09:20:21","date_gmt":"2025-04-28T07:20:21","guid":{"rendered":"https:\/\/promunic.com\/?page_id=1300"},"modified":"2025-06-23T16:00:38","modified_gmt":"2025-06-23T14:00:38","slug":"design","status":"publish","type":"page","link":"https:\/\/promunic.com\/fr\/design\/","title":{"rendered":"Conception"},"content":{"rendered":"<div data-elementor-type=\"wp-page\" data-elementor-id=\"1300\" class=\"elementor elementor-1300\" data-elementor-post-type=\"page\">\n\t\t\t\t<div class=\"elementor-element elementor-element-f211689 e-flex e-con-boxed e-con e-parent\" data-id=\"f211689\" data-element_type=\"container\" data-e-type=\"container\" data-settings=\"{&quot;background_background&quot;:&quot;gradient&quot;}\">\n\t\t\t\t\t<div class=\"e-con-inner\">\n\t\t<div class=\"elementor-element elementor-element-da4191f e-con-full e-flex e-con e-child\" data-id=\"da4191f\" data-element_type=\"container\" data-e-type=\"container\">\n\t\t\t\t<div class=\"elementor-element elementor-element-9ad3e37 elementor-headline--style-highlight elementor-invisible elementor-widget elementor-widget-animated-headline\" data-id=\"9ad3e37\" data-element_type=\"widget\" data-e-type=\"widget\" data-settings=\"{&quot;_animation&quot;:&quot;fadeInRight&quot;,&quot;headline_style&quot;:&quot;highlight&quot;,&quot;marker&quot;:&quot;circle&quot;,&quot;loop&quot;:&quot;yes&quot;,&quot;highlight_animation_duration&quot;:1200,&quot;highlight_iteration_delay&quot;:8000}\" data-widget_type=\"animated-headline.default\">\n\t\t\t\t<div class=\"elementor-widget-container\">\n\t\t\t\t\t\t\t<h2 class=\"elementor-headline\">\n\t\t\t\t<span class=\"elementor-headline-dynamic-wrapper elementor-headline-text-wrapper\">\n\t\t\t\t<\/span>\n\t\t\t\t\t<span class=\"elementor-headline-plain-text elementor-headline-text-wrapper\">CONCEPTION<\/span>\n\t\t\t\t\t<\/h2>\n\t\t\t\t\t\t<\/div>\n\t\t\t\t<\/div>\n\t\t<div class=\"elementor-element elementor-element-24d5f91 e-con-full e-flex e-con e-child\" data-id=\"24d5f91\" data-element_type=\"container\" data-e-type=\"container\">\n\t\t\t\t<div class=\"elementor-element elementor-element-d845dd4 elementor-widget elementor-widget-heading\" data-id=\"d845dd4\" data-element_type=\"widget\" data-e-type=\"widget\" data-widget_type=\"heading.default\">\n\t\t\t\t<div class=\"elementor-widget-container\">\n\t\t\t\t\t<div class=\"elementor-heading-title elementor-size-default\">De l'id\u00e9e \u00e0 l'impact. <br>\nSans seuils.<\/div>\t\t\t\t<\/div>\n\t\t\t\t<\/div>\n\t\t\t\t<\/div>\n\t\t\t\t<div class=\"elementor-element elementor-element-f8d9753 elementor-widget elementor-widget-text-editor\" data-id=\"f8d9753\" data-element_type=\"widget\" data-e-type=\"widget\" data-widget_type=\"text-editor.default\">\n\t\t\t\t<div class=\"elementor-widget-container\">\n\t\t\t\t\t\t\t\t\t<p class=\"p1\">Vous recherchez un concept fort, une conception cr\u00e9ative ou une ex\u00e9cution sans faille ? Nous le rendons possible. Pas de formats standard, mais une personnalisation qui a du cran.<br \/><br \/>Nous r\u00e9fl\u00e9chissons, nous osons aller plus loin et nous veillons \u00e0 ce que chaque id\u00e9e soit ex\u00e9cut\u00e9e avec autant de force qu'elle a \u00e9t\u00e9 con\u00e7ue. Pour que vous ayez l'impact sur lequel vous comptez.<br \/><br \/>Trois g\u00e9n\u00e9rations d'exp\u00e9rience. L'amour du m\u00e9tier. Et une \u00e9quipe qui d\u00e9fend votre marque. C'est la force de Promunic.<\/p>\t\t\t\t\t\t\t\t<\/div>\n\t\t\t\t<\/div>\n\t\t\t\t<\/div>\n\t\t<div class=\"elementor-element elementor-element-a95a560 e-con-full e-flex e-con e-child\" data-id=\"a95a560\" data-element_type=\"container\" data-e-type=\"container\">\n\t\t\t\t<div class=\"elementor-element elementor-element-66b5e73 elementor-widget elementor-widget-image\" data-id=\"66b5e73\" data-element_type=\"widget\" data-e-type=\"widget\" data-widget_type=\"image.default\">\n\t\t\t\t<div class=\"elementor-widget-container\">\n\t\t\t\t\t\t\t\t\t\t\t\t\t\t\t<img fetchpriority=\"high\" decoding=\"async\" width=\"800\" height=\"936\" src=\"https:\/\/promunic.com\/wp-content\/uploads\/Scherm\u00adafbeelding-2025-05-12-om-12.37.25-groot-875x1024.jpeg\" class=\"attachment-large size-large wp-image-1548\" alt=\"Screenshot\" srcset=\"https:\/\/promunic.com\/wp-content\/uploads\/Scherm\u00adafbeelding-2025-05-12-om-12.37.25-groot-875x1024.jpeg 875w, https:\/\/promunic.com\/wp-content\/uploads\/Scherm\u00adafbeelding-2025-05-12-om-12.37.25-groot-256x300.jpeg 256w, https:\/\/promunic.com\/wp-content\/uploads\/Scherm\u00adafbeelding-2025-05-12-om-12.37.25-groot-768x899.jpeg 768w, https:\/\/promunic.com\/wp-content\/uploads\/Scherm\u00adafbeelding-2025-05-12-om-12.37.25-groot-10x12.jpeg 10w, https:\/\/promunic.com\/wp-content\/uploads\/Scherm\u00adafbeelding-2025-05-12-om-12.37.25-groot.jpeg 1094w\" sizes=\"(max-width: 800px) 100vw, 800px\" \/>\t\t\t\t\t\t\t\t\t\t\t\t\t\t\t<\/div>\n\t\t\t\t<\/div>\n\t\t\t\t<\/div>\n\t\t\t\t\t<\/div>\n\t\t\t\t<\/div>\n\t\t\t\t<\/div>","protected":false},"excerpt":{"rendered":"<p>DESIGN Van idee tot impact. Zonder drempels. Zoek je een sterk concept, een creatief ontwerp of een vlekkeloze uitvoering? Wij maken het mogelijk. Geen standaard formats, maar maatwerk met lef. We denken mee, durven verder te gaan en zorgen dat elk idee net zo krachtig wordt uitgevoerd als het bedacht is. Zodat jij de impact [&hellip;]<\/p>\n","protected":false},"author":1,"featured_media":0,"parent":0,"menu_order":0,"comment_status":"closed","ping_status":"closed","template":"elementor_theme","meta":{"slim_seo":{"title":"Design - Promunic","description":"DESIGN Van idee tot impact. Zonder drempels. Zoek je een sterk concept, een creatief ontwerp of een vlekkeloze uitvoering? Wij maken het mogelijk. Geen standaar"},"iawp_total_views":128,"footnotes":""},"class_list":["post-1300","page","type-page","status-publish","hentry"],"_links":{"self":[{"href":"https:\/\/promunic.com\/fr\/wp-json\/wp\/v2\/pages\/1300","targetHints":{"allow":["GET"]}}],"collection":[{"href":"https:\/\/promunic.com\/fr\/wp-json\/wp\/v2\/pages"}],"about":[{"href":"https:\/\/promunic.com\/fr\/wp-json\/wp\/v2\/types\/page"}],"author":[{"embeddable":true,"href":"https:\/\/promunic.com\/fr\/wp-json\/wp\/v2\/users\/1"}],"replies":[{"embeddable":true,"href":"https:\/\/promunic.com\/fr\/wp-json\/wp\/v2\/comments?post=1300"}],"version-history":[{"count":0,"href":"https:\/\/promunic.com\/fr\/wp-json\/wp\/v2\/pages\/1300\/revisions"}],"wp:attachment":[{"href":"https:\/\/promunic.com\/fr\/wp-json\/wp\/v2\/media?parent=1300"}],"curies":[{"name":"wp","href":"https:\/\/api.w.org\/{rel}","templated":true}]}}