 {"id":1017,"date":"2025-03-13T09:43:35","date_gmt":"2025-03-13T08:43:35","guid":{"rendered":"https:\/\/promunic.com\/?page_id=1017"},"modified":"2025-06-23T16:00:51","modified_gmt":"2025-06-23T14:00:51","slug":"brand-portals","status":"publish","type":"page","link":"https:\/\/promunic.com\/de\/brand-portals\/","title":{"rendered":"Markenportale"},"content":{"rendered":"<div data-elementor-type=\"wp-page\" data-elementor-id=\"1017\" class=\"elementor elementor-1017\" data-elementor-post-type=\"page\">\n\t\t\t\t<div class=\"elementor-element elementor-element-f211689 e-flex e-con-boxed e-con e-parent\" data-id=\"f211689\" data-element_type=\"container\" data-e-type=\"container\" data-settings=\"{&quot;background_background&quot;:&quot;gradient&quot;}\">\n\t\t\t\t\t<div class=\"e-con-inner\">\n\t\t<div class=\"elementor-element elementor-element-da4191f e-con-full e-flex e-con e-child\" data-id=\"da4191f\" data-element_type=\"container\" data-e-type=\"container\">\n\t\t\t\t<div class=\"elementor-element elementor-element-9ad3e37 elementor-headline--style-highlight elementor-invisible elementor-widget elementor-widget-animated-headline\" data-id=\"9ad3e37\" data-element_type=\"widget\" data-e-type=\"widget\" data-settings=\"{&quot;_animation&quot;:&quot;fadeInRight&quot;,&quot;headline_style&quot;:&quot;highlight&quot;,&quot;marker&quot;:&quot;circle&quot;,&quot;loop&quot;:&quot;yes&quot;,&quot;highlight_animation_duration&quot;:1200,&quot;highlight_iteration_delay&quot;:8000}\" data-widget_type=\"animated-headline.default\">\n\t\t\t\t<div class=\"elementor-widget-container\">\n\t\t\t\t\t\t\t<h2 class=\"elementor-headline\">\n\t\t\t\t<span class=\"elementor-headline-dynamic-wrapper elementor-headline-text-wrapper\">\n\t\t\t\t<\/span>\n\t\t\t\t\t<span class=\"elementor-headline-plain-text elementor-headline-text-wrapper\">BRANDPORTALS<\/span>\n\t\t\t\t\t<\/h2>\n\t\t\t\t\t\t<\/div>\n\t\t\t\t<\/div>\n\t\t<div class=\"elementor-element elementor-element-eb93a0b e-con-full e-flex e-con e-child\" data-id=\"eb93a0b\" data-element_type=\"container\" data-e-type=\"container\">\n\t\t\t\t<div class=\"elementor-element elementor-element-c16aebe elementor-widget elementor-widget-heading\" data-id=\"c16aebe\" data-element_type=\"widget\" data-e-type=\"widget\" data-widget_type=\"heading.default\">\n\t\t\t\t<div class=\"elementor-widget-container\">\n\t\t\t\t\t<div class=\"elementor-heading-title elementor-size-default\">Unsere Markenportale. <br>\nIhre Zusicherung.<\/div>\t\t\t\t<\/div>\n\t\t\t\t<\/div>\n\t\t\t\t<\/div>\n\t\t\t\t<div class=\"elementor-element elementor-element-f8d9753 elementor-widget elementor-widget-text-editor\" data-id=\"f8d9753\" data-element_type=\"widget\" data-e-type=\"widget\" data-widget_type=\"text-editor.default\">\n\t\t\t\t<div class=\"elementor-widget-container\">\n\t\t\t\t\t\t\t\t\t<p>Unsere Markenportale bringen Ihre Marke in den Griff. <br \/>Sie haben einen zentralen Ort f\u00fcr alle Ihre Drucksachen, Assets, Vorlagen und Best\u00e4nde. Nat\u00fcrlich in Ihrem eigenen Hausstil und abgestimmt auf Ihre Systeme.<\/p>\t\t\t\t\t\t\t\t<\/div>\n\t\t\t\t<\/div>\n\t\t\t\t<div class=\"elementor-element elementor-element-8f4d73c elementor-widget elementor-widget-text-editor\" data-id=\"8f4d73c\" data-element_type=\"widget\" data-e-type=\"widget\" data-widget_type=\"text-editor.default\">\n\t\t\t\t<div class=\"elementor-widget-container\">\n\t\t\t\t\t\t\t\t\t<ul><li><strong>SINGLE SIGN-ON (SSO):<\/strong> Nahtlose Anbindung an Ihre Systeme f\u00fcr einen sicheren, benutzerfreundlichen Zugang.<\/li><li><strong>MASSGESCHNEIDERTE DASHBOARDS:<\/strong> Vollst\u00e4ndig auf Ihre Bed\u00fcrfnisse zugeschnitten - von den Funktionen bis hin zu Aussehen und Bedienung.<\/li><li><strong>LAGERVERWALTUNG IN ECHTZEIT:<\/strong> Sofortige Sichtbarkeit der Best\u00e4nde und automatische Auff\u00fcllung bei Bedarf.<\/li><li><strong>ONLINE-FORMATIERUNGSFUNKTIONEN:<\/strong> Passen Sie die Vorlagen selbst an Ihren eigenen Stil an, ohne dass ein Designer hinzugezogen werden muss.<\/li><li><strong>SLIM BUYING:<\/strong> Automatische Verkn\u00fcpfung mit Ihrem Beschaffungssystem. Weniger Verwaltung, weniger Fehler, mehr Kontrolle \u00fcber das Budget.<\/li><li><strong>AUFTRAGSB\u00dcNDELUNG:<\/strong> Kombinieren Sie Auftr\u00e4ge geschickt f\u00fcr niedrigere <br \/>Kosten und weniger Abfall.<\/li><li><strong>DIGITALE BILDDATENBANK:<\/strong> Ein zentraler Ort f\u00fcr alle Ihre Markenwerte.<\/li><li><strong>TREUEPORTALE:<\/strong> Belohnungen, Anreize und Loyalit\u00e4tsprogramme - ma\u00dfgeschneidert f\u00fcr Kunden oder Mitarbeiter entwickelt.<\/li><\/ul>\t\t\t\t\t\t\t\t<\/div>\n\t\t\t\t<\/div>\n\t\t\t\t<div class=\"elementor-element elementor-element-72981ea elementor-widget elementor-widget-heading\" data-id=\"72981ea\" data-element_type=\"widget\" data-e-type=\"widget\" data-widget_type=\"heading.default\">\n\t\t\t\t<div class=\"elementor-widget-container\">\n\t\t\t\t\t<h2 class=\"elementor-heading-title elementor-size-default\">SEHEN SIE SICH DAS VIDEO UNTEN AN<\/h2>\t\t\t\t<\/div>\n\t\t\t\t<\/div>\n\t\t\t\t<div class=\"elementor-element elementor-element-30322c2 elementor-widget elementor-widget-text-editor\" data-id=\"30322c2\" data-element_type=\"widget\" data-e-type=\"widget\" data-widget_type=\"text-editor.default\">\n\t\t\t\t<div class=\"elementor-widget-container\">\n\t\t\t\t\t\t\t\t\t<p>und finden Sie heraus, was es f\u00fcr Ihr Unternehmen tun kann.<\/p>\t\t\t\t\t\t\t\t<\/div>\n\t\t\t\t<\/div>\n\t\t\t\t<\/div>\n\t\t<div class=\"elementor-element elementor-element-a95a560 e-con-full e-flex e-con e-child\" data-id=\"a95a560\" data-element_type=\"container\" data-e-type=\"container\">\n\t\t\t\t<div class=\"elementor-element elementor-element-94f55cd elementor-widget elementor-widget-image\" data-id=\"94f55cd\" data-element_type=\"widget\" data-e-type=\"widget\" data-widget_type=\"image.default\">\n\t\t\t\t<div class=\"elementor-widget-container\">\n\t\t\t\t\t\t\t\t\t\t\t\t\t\t\t<img fetchpriority=\"high\" decoding=\"async\" width=\"800\" height=\"534\" src=\"https:\/\/promunic.com\/wp-content\/uploads\/shutterstock_2500043467-1024x683.jpg\" class=\"attachment-large size-large wp-image-1724\" alt=\"An,Analyst,Uses,A,Computer,And,Dashboard,For,Data,Business\" srcset=\"https:\/\/promunic.com\/wp-content\/uploads\/shutterstock_2500043467-1024x683.jpg 1024w, https:\/\/promunic.com\/wp-content\/uploads\/shutterstock_2500043467-300x200.jpg 300w, https:\/\/promunic.com\/wp-content\/uploads\/shutterstock_2500043467-768x512.jpg 768w, https:\/\/promunic.com\/wp-content\/uploads\/shutterstock_2500043467-1536x1024.jpg 1536w, https:\/\/promunic.com\/wp-content\/uploads\/shutterstock_2500043467-18x12.jpg 18w, https:\/\/promunic.com\/wp-content\/uploads\/shutterstock_2500043467.jpg 1800w\" sizes=\"(max-width: 800px) 100vw, 800px\" \/>\t\t\t\t\t\t\t\t\t\t\t\t\t\t\t<\/div>\n\t\t\t\t<\/div>\n\t\t\t\t<div class=\"elementor-element elementor-element-107df1c elementor-widget elementor-widget-image\" data-id=\"107df1c\" data-element_type=\"widget\" data-e-type=\"widget\" data-widget_type=\"image.default\">\n\t\t\t\t<div class=\"elementor-widget-container\">\n\t\t\t\t\t\t\t\t\t\t\t\t\t\t\t<img decoding=\"async\" width=\"800\" height=\"450\" src=\"https:\/\/promunic.com\/wp-content\/uploads\/B-shutterstock_2064581675-1024x576.jpg\" class=\"attachment-large size-large wp-image-1530\" alt=\"Futuristic,Technology,Retail,Warehouse:,Worker,Doing,Inventory,Walks,When,Digitalization\" srcset=\"https:\/\/promunic.com\/wp-content\/uploads\/B-shutterstock_2064581675-1024x576.jpg 1024w, https:\/\/promunic.com\/wp-content\/uploads\/B-shutterstock_2064581675-300x169.jpg 300w, https:\/\/promunic.com\/wp-content\/uploads\/B-shutterstock_2064581675-768x432.jpg 768w, https:\/\/promunic.com\/wp-content\/uploads\/B-shutterstock_2064581675-1536x864.jpg 1536w, https:\/\/promunic.com\/wp-content\/uploads\/B-shutterstock_2064581675-18x10.jpg 18w, https:\/\/promunic.com\/wp-content\/uploads\/B-shutterstock_2064581675.jpg 1920w\" sizes=\"(max-width: 800px) 100vw, 800px\" \/>\t\t\t\t\t\t\t\t\t\t\t\t\t\t\t<\/div>\n\t\t\t\t<\/div>\n\t\t\t\t<\/div>\n\t\t\t\t\t<\/div>\n\t\t\t\t<\/div>\n\t\t\t\t<\/div>","protected":false},"excerpt":{"rendered":"<p>BRANDPORTALS Onze brandportals. Jouw zekerheid. Onze brandportals zorgen voor grip op je merk. Je hebt \u00e9\u00e9n plek voor al je drukwerk, assets, templates en voorraad. Uiteraard binnen je eigen huisstijl en afgestemd op je systemen. SINGLE SIGN-ON (SSO): Naadloze koppeling met jouw systemen voor veilige, gebruiksvriendelijke toegang. MAATWERK DASHBOARDS: Volledig afgestemd op je wensen \u2014 [&hellip;]<\/p>\n","protected":false},"author":1,"featured_media":0,"parent":0,"menu_order":0,"comment_status":"closed","ping_status":"closed","template":"elementor_theme","meta":{"slim_seo":{"title":"Brand Portals - Promunic","description":"BRANDPORTALS Onze brandportals. Jouw zekerheid. Onze brandportals zorgen voor grip op je merk. Je hebt \u00e9\u00e9n plek voor al je drukwerk, assets, templates en voorra"},"iawp_total_views":175,"footnotes":""},"class_list":["post-1017","page","type-page","status-publish","hentry"],"_links":{"self":[{"href":"https:\/\/promunic.com\/de\/wp-json\/wp\/v2\/pages\/1017","targetHints":{"allow":["GET"]}}],"collection":[{"href":"https:\/\/promunic.com\/de\/wp-json\/wp\/v2\/pages"}],"about":[{"href":"https:\/\/promunic.com\/de\/wp-json\/wp\/v2\/types\/page"}],"author":[{"embeddable":true,"href":"https:\/\/promunic.com\/de\/wp-json\/wp\/v2\/users\/1"}],"replies":[{"embeddable":true,"href":"https:\/\/promunic.com\/de\/wp-json\/wp\/v2\/comments?post=1017"}],"version-history":[{"count":0,"href":"https:\/\/promunic.com\/de\/wp-json\/wp\/v2\/pages\/1017\/revisions"}],"wp:attachment":[{"href":"https:\/\/promunic.com\/de\/wp-json\/wp\/v2\/media?parent=1017"}],"curies":[{"name":"wp","href":"https:\/\/api.w.org\/{rel}","templated":true}]}}